{"id":382,"date":"2024-08-20T12:54:31","date_gmt":"2024-08-20T12:54:31","guid":{"rendered":"https:\/\/wesprofil.com\/?post_type=product&#038;p=382"},"modified":"2025-12-06T01:51:43","modified_gmt":"2025-12-06T01:51:43","slug":"akustik-panel-6060","status":"publish","type":"product","link":"https:\/\/wesprofil.com\/en\/product\/akustik-panel-6060\/","title":{"rendered":"Acoustic Panel 60*60"},"content":{"rendered":"<div class=\"wpb-content-wrapper\"><div class=\"vc_row wpb_row vc_row-fluid\"><div class=\"wpb_column vc_column_container vc_col-sm-12\"><div class=\"vc_column-inner\"><div class=\"wpb_wrapper\">\n\t\t<div id=\"wd-66c4913c4b3a8\" class=\"title-wrapper wd-wpb set-mb-s reset-last-child  wd-rs-66c4913c4b3a8 wd-title-color-default wd-title-style-default text-center  wd-underline-colored\">\n\t\t\t\n\t\t\t<div class=\"liner-continer\">\n\t\t\t\t<h4 class=\"woodmart-title-container title  wd-font-weight- wd-fontsize-l\" >Product Technical Information<\/h4>\n\t\t\t\t\t\t\t<\/div>\n\t\t\t\n\t\t\t\n\t\t\t\n\t\t<\/div>\n\t\t\n\t\t<\/div><\/div><\/div><\/div><div class=\"vc_row wpb_row vc_row-fluid\"><div class=\"wpb_column vc_column_container vc_col-sm-6\"><div class=\"vc_column-inner\"><div class=\"wpb_wrapper\">\n\t<div  class=\"wpb_single_image wpb_content_element vc_align_center\">\n\t\t\n\t\t<figure class=\"wpb_wrapper vc_figure\">\n\t\t\t<a class=\"\" data-lightbox=\"lightbox[rel-382-3668738449]\" href=\"https:\/\/wesprofil.com\/wp-content\/uploads\/2024\/08\/Untitled-3_0000_60-600-1024x271.jpg\" target=\"_self\"><img loading=\"lazy\" decoding=\"async\" width=\"1179\" height=\"312\" src=\"https:\/\/wesprofil.com\/wp-content\/uploads\/2024\/08\/Untitled-3_0000_60-600.jpg\" class=\"vc_single_image-img attachment-full\" alt=\"\" title=\"Untitled-3_0000_60-600\" srcset=\"https:\/\/wesprofil.com\/wp-content\/uploads\/2024\/08\/Untitled-3_0000_60-600.jpg 1179w, https:\/\/wesprofil.com\/wp-content\/uploads\/2024\/08\/Untitled-3_0000_60-600-300x79.jpg 300w, https:\/\/wesprofil.com\/wp-content\/uploads\/2024\/08\/Untitled-3_0000_60-600-1024x271.jpg 1024w, https:\/\/wesprofil.com\/wp-content\/uploads\/2024\/08\/Untitled-3_0000_60-600-768x203.jpg 768w, https:\/\/wesprofil.com\/wp-content\/uploads\/2024\/08\/Untitled-3_0000_60-600-1000x265.jpg 1000w, https:\/\/wesprofil.com\/wp-content\/uploads\/2024\/08\/Untitled-3_0000_60-600-150x40.jpg 150w\" sizes=\"auto, (max-width: 1179px) 100vw, 1179px\" \/><\/a>\n\t\t<\/figure>\n\t<\/div>\n<\/div><\/div><\/div><div class=\"wpb_column vc_column_container vc_col-sm-6\"><div class=\"vc_column-inner\"><div class=\"wpb_wrapper\">\n\t<div  class=\"wpb_single_image wpb_content_element vc_align_center\">\n\t\t\n\t\t<figure class=\"wpb_wrapper vc_figure\">\n\t\t\t<a class=\"\" data-lightbox=\"lightbox[rel-382-462716072]\" href=\"https:\/\/wesprofil.com\/wp-content\/uploads\/2024\/08\/Untitled-3_0001_60-60-1024x271.jpg\" target=\"_self\"><img loading=\"lazy\" decoding=\"async\" width=\"1179\" height=\"312\" src=\"https:\/\/wesprofil.com\/wp-content\/uploads\/2024\/08\/Untitled-3_0001_60-60.jpg\" class=\"vc_single_image-img attachment-full\" alt=\"\" title=\"Untitled-3_0001_60-60\" srcset=\"https:\/\/wesprofil.com\/wp-content\/uploads\/2024\/08\/Untitled-3_0001_60-60.jpg 1179w, https:\/\/wesprofil.com\/wp-content\/uploads\/2024\/08\/Untitled-3_0001_60-60-300x79.jpg 300w, https:\/\/wesprofil.com\/wp-content\/uploads\/2024\/08\/Untitled-3_0001_60-60-1024x271.jpg 1024w, https:\/\/wesprofil.com\/wp-content\/uploads\/2024\/08\/Untitled-3_0001_60-60-768x203.jpg 768w, https:\/\/wesprofil.com\/wp-content\/uploads\/2024\/08\/Untitled-3_0001_60-60-1000x265.jpg 1000w, https:\/\/wesprofil.com\/wp-content\/uploads\/2024\/08\/Untitled-3_0001_60-60-150x40.jpg 150w\" sizes=\"auto, (max-width: 1179px) 100vw, 1179px\" \/><\/a>\n\t\t<\/figure>\n\t<\/div>\n<\/div><\/div><\/div><\/div><div class=\"vc_row wpb_row vc_row-fluid\"><div class=\"wpb_column vc_column_container vc_col-sm-12\"><div class=\"vc_column-inner\"><div class=\"wpb_wrapper\">\n\t<div class=\"wpb_text_column wpb_content_element\" >\n\t\t<div class=\"wpb_wrapper\">\n\t\t\t<p>Combine sound insulation with aesthetics in your living spaces with Acoustic Panels produced in \u0130neg\u00f6l. These high-performance panels offer both a decorative appearance and improve sound quality. An ideal solution for modern interiors.<\/p>\n\n\t\t<\/div>\n\t<\/div>\n<\/div><\/div><\/div><\/div>\n<\/div>","protected":false},"excerpt":{"rendered":"\u00dcr\u00fcn Teknik Bilgisi \u0130neg\u00f6l'de \u00fcretilen Akustik Paneller ile ya\u015fam alanlar\u0131n\u0131zda ses yal\u0131t\u0131m\u0131n\u0131 estetikle bulu\u015fturun. Y\u00fcksek performansl\u0131 bu paneller, hem dekoratif","protected":false},"featured_media":496,"comment_status":"open","ping_status":"closed","template":"","meta":[],"product_cat":[20],"product_tag":[],"class_list":{"0":"post-382","1":"product","2":"type-product","3":"status-publish","4":"has-post-thumbnail","6":"product_cat-akustik-profil","8":"first","9":"instock","10":"shipping-taxable","11":"product-type-simple"},"yoast_head":"<!-- This site is optimized with the Yoast SEO plugin v23.6 - https:\/\/yoast.com\/wordpress\/plugins\/seo\/ -->\n<title>Akustik Panel 60*60 - Wes Profil<\/title>\n<meta name=\"description\" content=\"Akustik Panel ile ya\u015fam alanlar\u0131n\u0131za hem estetik hem de ses yal\u0131t\u0131m\u0131 sa\u011flayan \u00e7\u00f6z\u00fcmler kat\u0131n. \u0130neg\u00f6l&#039;de \u00fcretilen bu paneller, y\u00fcksek kaliteli malzemeleriyle ses izolasyonunu maksimum d\u00fczeye \u00e7\u0131kar\u0131rken, dekoratif tasar\u0131mlar\u0131yla mek\u00e2n\u0131n\u0131za \u015f\u0131kl\u0131k katar.\" \/>\n<meta name=\"robots\" content=\"index, follow, max-snippet:-1, max-image-preview:large, max-video-preview:-1\" \/>\n<link rel=\"canonical\" href=\"https:\/\/wesprofil.com\/en\/product\/akustik-panel-6060\/\" \/>\n<meta property=\"og:locale\" content=\"en_US\" \/>\n<meta property=\"og:type\" content=\"article\" \/>\n<meta property=\"og:title\" content=\"Akustik Panel 60*60 - Wes Profil\" \/>\n<meta property=\"og:description\" content=\"Akustik Panel ile ya\u015fam alanlar\u0131n\u0131za hem estetik hem de ses yal\u0131t\u0131m\u0131 sa\u011flayan \u00e7\u00f6z\u00fcmler kat\u0131n. \u0130neg\u00f6l&#039;de \u00fcretilen bu paneller, y\u00fcksek kaliteli malzemeleriyle ses izolasyonunu maksimum d\u00fczeye \u00e7\u0131kar\u0131rken, dekoratif tasar\u0131mlar\u0131yla mek\u00e2n\u0131n\u0131za \u015f\u0131kl\u0131k katar.\" \/>\n<meta property=\"og:url\" content=\"https:\/\/wesprofil.com\/en\/product\/akustik-panel-6060\/\" \/>\n<meta property=\"og:site_name\" content=\"Wes Profil\" \/>\n<meta property=\"article:publisher\" content=\"https:\/\/www.facebook.com\/wesprofil\/\" \/>\n<meta property=\"article:modified_time\" content=\"2025-12-06T01:51:43+00:00\" \/>\n<meta property=\"og:image\" content=\"https:\/\/wesprofil.com\/wp-content\/uploads\/2024\/08\/wes-60-60.png\" \/>\n\t<meta property=\"og:image:width\" content=\"1000\" \/>\n\t<meta property=\"og:image:height\" content=\"1000\" \/>\n\t<meta property=\"og:image:type\" content=\"image\/png\" \/>\n<meta name=\"twitter:card\" content=\"summary_large_image\" \/>\n<meta name=\"twitter:label1\" content=\"Est. reading time\" \/>\n\t<meta name=\"twitter:data1\" content=\"1 minute\" \/>\n<script type=\"application\/ld+json\" class=\"yoast-schema-graph\">{\"@context\":\"https:\/\/schema.org\",\"@graph\":[{\"@type\":\"WebPage\",\"@id\":\"https:\/\/wesprofil.com\/urun\/akustik-panel-6060\/\",\"url\":\"https:\/\/wesprofil.com\/urun\/akustik-panel-6060\/\",\"name\":\"Akustik Panel 60*60 - Wes Profil\",\"isPartOf\":{\"@id\":\"https:\/\/wesprofil.com\/#website\"},\"primaryImageOfPage\":{\"@id\":\"https:\/\/wesprofil.com\/urun\/akustik-panel-6060\/#primaryimage\"},\"image\":{\"@id\":\"https:\/\/wesprofil.com\/urun\/akustik-panel-6060\/#primaryimage\"},\"thumbnailUrl\":\"https:\/\/wesprofil.com\/wp-content\/uploads\/2024\/08\/wes-60-60.png\",\"datePublished\":\"2024-08-20T12:54:31+00:00\",\"dateModified\":\"2025-12-06T01:51:43+00:00\",\"description\":\"Akustik Panel ile ya\u015fam alanlar\u0131n\u0131za hem estetik hem de ses yal\u0131t\u0131m\u0131 sa\u011flayan \u00e7\u00f6z\u00fcmler kat\u0131n. \u0130neg\u00f6l'de \u00fcretilen bu paneller, y\u00fcksek kaliteli malzemeleriyle ses izolasyonunu maksimum d\u00fczeye \u00e7\u0131kar\u0131rken, dekoratif tasar\u0131mlar\u0131yla mek\u00e2n\u0131n\u0131za \u015f\u0131kl\u0131k katar.\",\"breadcrumb\":{\"@id\":\"https:\/\/wesprofil.com\/urun\/akustik-panel-6060\/#breadcrumb\"},\"inLanguage\":\"en-US\",\"potentialAction\":[{\"@type\":\"ReadAction\",\"target\":[\"https:\/\/wesprofil.com\/urun\/akustik-panel-6060\/\"]}]},{\"@type\":\"ImageObject\",\"inLanguage\":\"en-US\",\"@id\":\"https:\/\/wesprofil.com\/urun\/akustik-panel-6060\/#primaryimage\",\"url\":\"https:\/\/wesprofil.com\/wp-content\/uploads\/2024\/08\/wes-60-60.png\",\"contentUrl\":\"https:\/\/wesprofil.com\/wp-content\/uploads\/2024\/08\/wes-60-60.png\",\"width\":1000,\"height\":1000},{\"@type\":\"BreadcrumbList\",\"@id\":\"https:\/\/wesprofil.com\/urun\/akustik-panel-6060\/#breadcrumb\",\"itemListElement\":[{\"@type\":\"ListItem\",\"position\":1,\"name\":\"Anasayfa\",\"item\":\"https:\/\/wesprofil.com\/\"},{\"@type\":\"ListItem\",\"position\":2,\"name\":\"Ma\u011faza\",\"item\":\"https:\/\/wesprofil.com\/?page_id=7\"},{\"@type\":\"ListItem\",\"position\":3,\"name\":\"Akustik Panel 60*60\"}]},{\"@type\":\"WebSite\",\"@id\":\"https:\/\/wesprofil.com\/#website\",\"url\":\"https:\/\/wesprofil.com\/\",\"name\":\"Wes Profil\",\"description\":\"\u0130neg\u00f6l MDF Profil \u00dcreticisi\",\"publisher\":{\"@id\":\"https:\/\/wesprofil.com\/#organization\"},\"potentialAction\":[{\"@type\":\"SearchAction\",\"target\":{\"@type\":\"EntryPoint\",\"urlTemplate\":\"https:\/\/wesprofil.com\/?s={search_term_string}\"},\"query-input\":{\"@type\":\"PropertyValueSpecification\",\"valueRequired\":true,\"valueName\":\"search_term_string\"}}],\"inLanguage\":\"en-US\"},{\"@type\":\"Organization\",\"@id\":\"https:\/\/wesprofil.com\/#organization\",\"name\":\"Wes Profil\",\"alternateName\":\"\u0130neg\u00f6l Profil \u00dcreticisi\",\"url\":\"https:\/\/wesprofil.com\/\",\"logo\":{\"@type\":\"ImageObject\",\"inLanguage\":\"en-US\",\"@id\":\"https:\/\/wesprofil.com\/#\/schema\/logo\/image\/\",\"url\":\"https:\/\/wesprofil.com\/wp-content\/uploads\/2024\/07\/WES-YENI-LOGO.png\",\"contentUrl\":\"https:\/\/wesprofil.com\/wp-content\/uploads\/2024\/07\/WES-YENI-LOGO.png\",\"width\":1831,\"height\":568,\"caption\":\"Wes Profil\"},\"image\":{\"@id\":\"https:\/\/wesprofil.com\/#\/schema\/logo\/image\/\"},\"sameAs\":[\"https:\/\/www.facebook.com\/wesprofil\/\",\"https:\/\/www.instagram.com\/wesprofil\/\",\"https:\/\/tr.linkedin.com\/company\/wesprofil\"]}]}<\/script>\n<!-- \/ Yoast SEO plugin. -->","yoast_head_json":{"title":"Akustik Panel 60*60 - Wes Profil","description":"Akustik Panel ile ya\u015fam alanlar\u0131n\u0131za hem estetik hem de ses yal\u0131t\u0131m\u0131 sa\u011flayan \u00e7\u00f6z\u00fcmler kat\u0131n. \u0130neg\u00f6l'de \u00fcretilen bu paneller, y\u00fcksek kaliteli malzemeleriyle ses izolasyonunu maksimum d\u00fczeye \u00e7\u0131kar\u0131rken, dekoratif tasar\u0131mlar\u0131yla mek\u00e2n\u0131n\u0131za \u015f\u0131kl\u0131k katar.","robots":{"index":"index","follow":"follow","max-snippet":"max-snippet:-1","max-image-preview":"max-image-preview:large","max-video-preview":"max-video-preview:-1"},"canonical":"https:\/\/wesprofil.com\/en\/product\/akustik-panel-6060\/","og_locale":"en_US","og_type":"article","og_title":"Akustik Panel 60*60 - Wes Profil","og_description":"Akustik Panel ile ya\u015fam alanlar\u0131n\u0131za hem estetik hem de ses yal\u0131t\u0131m\u0131 sa\u011flayan \u00e7\u00f6z\u00fcmler kat\u0131n. \u0130neg\u00f6l'de \u00fcretilen bu paneller, y\u00fcksek kaliteli malzemeleriyle ses izolasyonunu maksimum d\u00fczeye \u00e7\u0131kar\u0131rken, dekoratif tasar\u0131mlar\u0131yla mek\u00e2n\u0131n\u0131za \u015f\u0131kl\u0131k katar.","og_url":"https:\/\/wesprofil.com\/en\/product\/akustik-panel-6060\/","og_site_name":"Wes Profil","article_publisher":"https:\/\/www.facebook.com\/wesprofil\/","article_modified_time":"2025-12-06T01:51:43+00:00","og_image":[{"width":1000,"height":1000,"url":"https:\/\/wesprofil.com\/wp-content\/uploads\/2024\/08\/wes-60-60.png","type":"image\/png"}],"twitter_card":"summary_large_image","twitter_misc":{"Est. reading time":"1 minute"},"schema":{"@context":"https:\/\/schema.org","@graph":[{"@type":"WebPage","@id":"https:\/\/wesprofil.com\/urun\/akustik-panel-6060\/","url":"https:\/\/wesprofil.com\/urun\/akustik-panel-6060\/","name":"Akustik Panel 60*60 - Wes Profil","isPartOf":{"@id":"https:\/\/wesprofil.com\/#website"},"primaryImageOfPage":{"@id":"https:\/\/wesprofil.com\/urun\/akustik-panel-6060\/#primaryimage"},"image":{"@id":"https:\/\/wesprofil.com\/urun\/akustik-panel-6060\/#primaryimage"},"thumbnailUrl":"https:\/\/wesprofil.com\/wp-content\/uploads\/2024\/08\/wes-60-60.png","datePublished":"2024-08-20T12:54:31+00:00","dateModified":"2025-12-06T01:51:43+00:00","description":"Akustik Panel ile ya\u015fam alanlar\u0131n\u0131za hem estetik hem de ses yal\u0131t\u0131m\u0131 sa\u011flayan \u00e7\u00f6z\u00fcmler kat\u0131n. \u0130neg\u00f6l'de \u00fcretilen bu paneller, y\u00fcksek kaliteli malzemeleriyle ses izolasyonunu maksimum d\u00fczeye \u00e7\u0131kar\u0131rken, dekoratif tasar\u0131mlar\u0131yla mek\u00e2n\u0131n\u0131za \u015f\u0131kl\u0131k katar.","breadcrumb":{"@id":"https:\/\/wesprofil.com\/urun\/akustik-panel-6060\/#breadcrumb"},"inLanguage":"en-US","potentialAction":[{"@type":"ReadAction","target":["https:\/\/wesprofil.com\/urun\/akustik-panel-6060\/"]}]},{"@type":"ImageObject","inLanguage":"en-US","@id":"https:\/\/wesprofil.com\/urun\/akustik-panel-6060\/#primaryimage","url":"https:\/\/wesprofil.com\/wp-content\/uploads\/2024\/08\/wes-60-60.png","contentUrl":"https:\/\/wesprofil.com\/wp-content\/uploads\/2024\/08\/wes-60-60.png","width":1000,"height":1000},{"@type":"BreadcrumbList","@id":"https:\/\/wesprofil.com\/urun\/akustik-panel-6060\/#breadcrumb","itemListElement":[{"@type":"ListItem","position":1,"name":"Anasayfa","item":"https:\/\/wesprofil.com\/"},{"@type":"ListItem","position":2,"name":"Ma\u011faza","item":"https:\/\/wesprofil.com\/?page_id=7"},{"@type":"ListItem","position":3,"name":"Akustik Panel 60*60"}]},{"@type":"WebSite","@id":"https:\/\/wesprofil.com\/#website","url":"https:\/\/wesprofil.com\/","name":"Wes Profil","description":"\u0130neg\u00f6l MDF Profil \u00dcreticisi","publisher":{"@id":"https:\/\/wesprofil.com\/#organization"},"potentialAction":[{"@type":"SearchAction","target":{"@type":"EntryPoint","urlTemplate":"https:\/\/wesprofil.com\/?s={search_term_string}"},"query-input":{"@type":"PropertyValueSpecification","valueRequired":true,"valueName":"search_term_string"}}],"inLanguage":"en-US"},{"@type":"Organization","@id":"https:\/\/wesprofil.com\/#organization","name":"Wes Profil","alternateName":"\u0130neg\u00f6l Profil \u00dcreticisi","url":"https:\/\/wesprofil.com\/","logo":{"@type":"ImageObject","inLanguage":"en-US","@id":"https:\/\/wesprofil.com\/#\/schema\/logo\/image\/","url":"https:\/\/wesprofil.com\/wp-content\/uploads\/2024\/07\/WES-YENI-LOGO.png","contentUrl":"https:\/\/wesprofil.com\/wp-content\/uploads\/2024\/07\/WES-YENI-LOGO.png","width":1831,"height":568,"caption":"Wes Profil"},"image":{"@id":"https:\/\/wesprofil.com\/#\/schema\/logo\/image\/"},"sameAs":["https:\/\/www.facebook.com\/wesprofil\/","https:\/\/www.instagram.com\/wesprofil\/","https:\/\/tr.linkedin.com\/company\/wesprofil"]}]}},"_links":{"self":[{"href":"https:\/\/wesprofil.com\/en\/wp-json\/wp\/v2\/product\/382","targetHints":{"allow":["GET"]}}],"collection":[{"href":"https:\/\/wesprofil.com\/en\/wp-json\/wp\/v2\/product"}],"about":[{"href":"https:\/\/wesprofil.com\/en\/wp-json\/wp\/v2\/types\/product"}],"replies":[{"embeddable":true,"href":"https:\/\/wesprofil.com\/en\/wp-json\/wp\/v2\/comments?post=382"}],"wp:featuredmedia":[{"embeddable":true,"href":"https:\/\/wesprofil.com\/en\/wp-json\/wp\/v2\/media\/496"}],"wp:attachment":[{"href":"https:\/\/wesprofil.com\/en\/wp-json\/wp\/v2\/media?parent=382"}],"wp:term":[{"taxonomy":"product_cat","embeddable":true,"href":"https:\/\/wesprofil.com\/en\/wp-json\/wp\/v2\/product_cat?post=382"},{"taxonomy":"product_tag","embeddable":true,"href":"https:\/\/wesprofil.com\/en\/wp-json\/wp\/v2\/product_tag?post=382"}],"curies":[{"name":"wp","href":"https:\/\/api.w.org\/{rel}","templated":true}]}}