{"id":377,"date":"2024-08-20T09:31:51","date_gmt":"2024-08-20T09:31:51","guid":{"rendered":"https:\/\/wesprofil.com\/?post_type=product&#038;p=377"},"modified":"2026-01-14T18:20:25","modified_gmt":"2026-01-14T18:20:25","slug":"ahsap-mdf-supurgelik-8","status":"publish","type":"product","link":"https:\/\/wesprofil.com\/en\/product\/ahsap-mdf-supurgelik-8\/","title":{"rendered":"Wooden MDF Skirting Board-8"},"content":{"rendered":"<div class=\"wpb-content-wrapper\"><div class=\"vc_row wpb_row vc_row-fluid\"><div class=\"wpb_column vc_column_container vc_col-sm-12\"><div class=\"vc_column-inner\"><div class=\"wpb_wrapper\">\n\t<div class=\"wpb_text_column wpb_content_element\" >\n\t\t<div class=\"wpb_wrapper\">\n\t\t\t<p style=\"text-align: center;\">Add a natural and warm touch to your living spaces with the Wooden MDF Skirting Board. These MDF skirting boards produced in \u0130neg\u00f6l combine the elegance of wood with modern design. A perfect choice to complete the elegance in your home with its durable and aesthetic structure.<\/p>\n\n\t\t<\/div>\n\t<\/div>\n<\/div><\/div><\/div><\/div>\n<\/div>","protected":false},"excerpt":{"rendered":"Ah\u015fap MDF S\u00fcp\u00fcrgelik ile ya\u015fam alanlar\u0131n\u0131za do\u011fal ve s\u0131cak bir dokunu\u015f kat\u0131n. \u0130neg\u00f6l'de \u00fcretilen bu MDF s\u00fcp\u00fcrgelikler, ah\u015fab\u0131n zarafetini modern","protected":false},"featured_media":378,"comment_status":"open","ping_status":"closed","template":"","meta":[],"product_cat":[19],"product_tag":[],"class_list":{"0":"post-377","1":"product","2":"type-product","3":"status-publish","4":"has-post-thumbnail","6":"product_cat-mdf-supurgelik","8":"first","9":"instock","10":"shipping-taxable","11":"product-type-simple"},"yoast_head":"<!-- This site is optimized with the Yoast SEO plugin v23.6 - https:\/\/yoast.com\/wordpress\/plugins\/seo\/ -->\n<title>Ah\u015fap MDF S\u00fcp\u00fcrgelik-8 - Wes Profil<\/title>\n<meta name=\"description\" content=\"Ah\u015fap MDF S\u00fcp\u00fcrgelik ile ya\u015fam alanlar\u0131n\u0131za do\u011fal ve s\u0131cak bir dokunu\u015f kat\u0131n. \u0130neg\u00f6l&#039;de \u00fcretilen bu MDF s\u00fcp\u00fcrgelikler, ah\u015fab\u0131n zarafetini modern tasar\u0131mla bulu\u015fturur. Dayan\u0131kl\u0131 ve estetik yap\u0131s\u0131yla evinizde \u015f\u0131kl\u0131\u011f\u0131 tamamlayacak m\u00fckemmel bir se\u00e7im.\" \/>\n<meta name=\"robots\" content=\"index, follow, max-snippet:-1, max-image-preview:large, max-video-preview:-1\" \/>\n<link rel=\"canonical\" href=\"https:\/\/wesprofil.com\/en\/product\/ahsap-mdf-supurgelik-8\/\" \/>\n<meta property=\"og:locale\" content=\"en_US\" \/>\n<meta property=\"og:type\" content=\"article\" \/>\n<meta property=\"og:title\" content=\"Ah\u015fap MDF S\u00fcp\u00fcrgelik-8 - Wes Profil\" \/>\n<meta property=\"og:description\" content=\"Ah\u015fap MDF S\u00fcp\u00fcrgelik ile ya\u015fam alanlar\u0131n\u0131za do\u011fal ve s\u0131cak bir dokunu\u015f kat\u0131n. \u0130neg\u00f6l&#039;de \u00fcretilen bu MDF s\u00fcp\u00fcrgelikler, ah\u015fab\u0131n zarafetini modern tasar\u0131mla bulu\u015fturur. Dayan\u0131kl\u0131 ve estetik yap\u0131s\u0131yla evinizde \u015f\u0131kl\u0131\u011f\u0131 tamamlayacak m\u00fckemmel bir se\u00e7im.\" \/>\n<meta property=\"og:url\" content=\"https:\/\/wesprofil.com\/en\/product\/ahsap-mdf-supurgelik-8\/\" \/>\n<meta property=\"og:site_name\" content=\"Wes Profil\" \/>\n<meta property=\"article:publisher\" content=\"https:\/\/www.facebook.com\/wesprofil\/\" \/>\n<meta property=\"article:modified_time\" content=\"2026-01-14T18:20:25+00:00\" \/>\n<meta property=\"og:image\" content=\"https:\/\/wesprofil.com\/wp-content\/uploads\/2024\/08\/wes-ahsap-mdf-supurgelik-1.jpg\" \/>\n\t<meta property=\"og:image:width\" content=\"1000\" \/>\n\t<meta property=\"og:image:height\" content=\"1000\" \/>\n\t<meta property=\"og:image:type\" content=\"image\/jpeg\" \/>\n<meta name=\"twitter:card\" content=\"summary_large_image\" \/>\n<meta name=\"twitter:label1\" content=\"Est. reading time\" \/>\n\t<meta name=\"twitter:data1\" content=\"1 minute\" \/>\n<script type=\"application\/ld+json\" class=\"yoast-schema-graph\">{\"@context\":\"https:\/\/schema.org\",\"@graph\":[{\"@type\":\"WebPage\",\"@id\":\"https:\/\/wesprofil.com\/urun\/ahsap-mdf-supurgelik-8\/\",\"url\":\"https:\/\/wesprofil.com\/urun\/ahsap-mdf-supurgelik-8\/\",\"name\":\"Ah\u015fap MDF S\u00fcp\u00fcrgelik-8 - Wes Profil\",\"isPartOf\":{\"@id\":\"https:\/\/wesprofil.com\/#website\"},\"primaryImageOfPage\":{\"@id\":\"https:\/\/wesprofil.com\/urun\/ahsap-mdf-supurgelik-8\/#primaryimage\"},\"image\":{\"@id\":\"https:\/\/wesprofil.com\/urun\/ahsap-mdf-supurgelik-8\/#primaryimage\"},\"thumbnailUrl\":\"https:\/\/wesprofil.com\/wp-content\/uploads\/2024\/08\/wes-ahsap-mdf-supurgelik-1.jpg\",\"datePublished\":\"2024-08-20T09:31:51+00:00\",\"dateModified\":\"2026-01-14T18:20:25+00:00\",\"description\":\"Ah\u015fap MDF S\u00fcp\u00fcrgelik ile ya\u015fam alanlar\u0131n\u0131za do\u011fal ve s\u0131cak bir dokunu\u015f kat\u0131n. \u0130neg\u00f6l'de \u00fcretilen bu MDF s\u00fcp\u00fcrgelikler, ah\u015fab\u0131n zarafetini modern tasar\u0131mla bulu\u015fturur. Dayan\u0131kl\u0131 ve estetik yap\u0131s\u0131yla evinizde \u015f\u0131kl\u0131\u011f\u0131 tamamlayacak m\u00fckemmel bir se\u00e7im.\",\"breadcrumb\":{\"@id\":\"https:\/\/wesprofil.com\/urun\/ahsap-mdf-supurgelik-8\/#breadcrumb\"},\"inLanguage\":\"en-US\",\"potentialAction\":[{\"@type\":\"ReadAction\",\"target\":[\"https:\/\/wesprofil.com\/urun\/ahsap-mdf-supurgelik-8\/\"]}]},{\"@type\":\"ImageObject\",\"inLanguage\":\"en-US\",\"@id\":\"https:\/\/wesprofil.com\/urun\/ahsap-mdf-supurgelik-8\/#primaryimage\",\"url\":\"https:\/\/wesprofil.com\/wp-content\/uploads\/2024\/08\/wes-ahsap-mdf-supurgelik-1.jpg\",\"contentUrl\":\"https:\/\/wesprofil.com\/wp-content\/uploads\/2024\/08\/wes-ahsap-mdf-supurgelik-1.jpg\",\"width\":1000,\"height\":1000},{\"@type\":\"BreadcrumbList\",\"@id\":\"https:\/\/wesprofil.com\/urun\/ahsap-mdf-supurgelik-8\/#breadcrumb\",\"itemListElement\":[{\"@type\":\"ListItem\",\"position\":1,\"name\":\"Anasayfa\",\"item\":\"https:\/\/wesprofil.com\/\"},{\"@type\":\"ListItem\",\"position\":2,\"name\":\"Ma\u011faza\",\"item\":\"https:\/\/wesprofil.com\/?page_id=7\"},{\"@type\":\"ListItem\",\"position\":3,\"name\":\"Ah\u015fap MDF S\u00fcp\u00fcrgelik-8\"}]},{\"@type\":\"WebSite\",\"@id\":\"https:\/\/wesprofil.com\/#website\",\"url\":\"https:\/\/wesprofil.com\/\",\"name\":\"Wes Profil\",\"description\":\"\u0130neg\u00f6l MDF Profil \u00dcreticisi\",\"publisher\":{\"@id\":\"https:\/\/wesprofil.com\/#organization\"},\"potentialAction\":[{\"@type\":\"SearchAction\",\"target\":{\"@type\":\"EntryPoint\",\"urlTemplate\":\"https:\/\/wesprofil.com\/?s={search_term_string}\"},\"query-input\":{\"@type\":\"PropertyValueSpecification\",\"valueRequired\":true,\"valueName\":\"search_term_string\"}}],\"inLanguage\":\"en-US\"},{\"@type\":\"Organization\",\"@id\":\"https:\/\/wesprofil.com\/#organization\",\"name\":\"Wes Profil\",\"alternateName\":\"\u0130neg\u00f6l Profil \u00dcreticisi\",\"url\":\"https:\/\/wesprofil.com\/\",\"logo\":{\"@type\":\"ImageObject\",\"inLanguage\":\"en-US\",\"@id\":\"https:\/\/wesprofil.com\/#\/schema\/logo\/image\/\",\"url\":\"https:\/\/wesprofil.com\/wp-content\/uploads\/2024\/07\/WES-YENI-LOGO.png\",\"contentUrl\":\"https:\/\/wesprofil.com\/wp-content\/uploads\/2024\/07\/WES-YENI-LOGO.png\",\"width\":1831,\"height\":568,\"caption\":\"Wes Profil\"},\"image\":{\"@id\":\"https:\/\/wesprofil.com\/#\/schema\/logo\/image\/\"},\"sameAs\":[\"https:\/\/www.facebook.com\/wesprofil\/\",\"https:\/\/www.instagram.com\/wesprofil\/\",\"https:\/\/tr.linkedin.com\/company\/wesprofil\"]}]}<\/script>\n<!-- \/ Yoast SEO plugin. -->","yoast_head_json":{"title":"Ah\u015fap MDF S\u00fcp\u00fcrgelik-8 - Wes Profil","description":"Ah\u015fap MDF S\u00fcp\u00fcrgelik ile ya\u015fam alanlar\u0131n\u0131za do\u011fal ve s\u0131cak bir dokunu\u015f kat\u0131n. \u0130neg\u00f6l'de \u00fcretilen bu MDF s\u00fcp\u00fcrgelikler, ah\u015fab\u0131n zarafetini modern tasar\u0131mla bulu\u015fturur. Dayan\u0131kl\u0131 ve estetik yap\u0131s\u0131yla evinizde \u015f\u0131kl\u0131\u011f\u0131 tamamlayacak m\u00fckemmel bir se\u00e7im.","robots":{"index":"index","follow":"follow","max-snippet":"max-snippet:-1","max-image-preview":"max-image-preview:large","max-video-preview":"max-video-preview:-1"},"canonical":"https:\/\/wesprofil.com\/en\/product\/ahsap-mdf-supurgelik-8\/","og_locale":"en_US","og_type":"article","og_title":"Ah\u015fap MDF S\u00fcp\u00fcrgelik-8 - Wes Profil","og_description":"Ah\u015fap MDF S\u00fcp\u00fcrgelik ile ya\u015fam alanlar\u0131n\u0131za do\u011fal ve s\u0131cak bir dokunu\u015f kat\u0131n. \u0130neg\u00f6l'de \u00fcretilen bu MDF s\u00fcp\u00fcrgelikler, ah\u015fab\u0131n zarafetini modern tasar\u0131mla bulu\u015fturur. Dayan\u0131kl\u0131 ve estetik yap\u0131s\u0131yla evinizde \u015f\u0131kl\u0131\u011f\u0131 tamamlayacak m\u00fckemmel bir se\u00e7im.","og_url":"https:\/\/wesprofil.com\/en\/product\/ahsap-mdf-supurgelik-8\/","og_site_name":"Wes Profil","article_publisher":"https:\/\/www.facebook.com\/wesprofil\/","article_modified_time":"2026-01-14T18:20:25+00:00","og_image":[{"width":1000,"height":1000,"url":"https:\/\/wesprofil.com\/wp-content\/uploads\/2024\/08\/wes-ahsap-mdf-supurgelik-1.jpg","type":"image\/jpeg"}],"twitter_card":"summary_large_image","twitter_misc":{"Est. reading time":"1 minute"},"schema":{"@context":"https:\/\/schema.org","@graph":[{"@type":"WebPage","@id":"https:\/\/wesprofil.com\/urun\/ahsap-mdf-supurgelik-8\/","url":"https:\/\/wesprofil.com\/urun\/ahsap-mdf-supurgelik-8\/","name":"Ah\u015fap MDF S\u00fcp\u00fcrgelik-8 - Wes Profil","isPartOf":{"@id":"https:\/\/wesprofil.com\/#website"},"primaryImageOfPage":{"@id":"https:\/\/wesprofil.com\/urun\/ahsap-mdf-supurgelik-8\/#primaryimage"},"image":{"@id":"https:\/\/wesprofil.com\/urun\/ahsap-mdf-supurgelik-8\/#primaryimage"},"thumbnailUrl":"https:\/\/wesprofil.com\/wp-content\/uploads\/2024\/08\/wes-ahsap-mdf-supurgelik-1.jpg","datePublished":"2024-08-20T09:31:51+00:00","dateModified":"2026-01-14T18:20:25+00:00","description":"Ah\u015fap MDF S\u00fcp\u00fcrgelik ile ya\u015fam alanlar\u0131n\u0131za do\u011fal ve s\u0131cak bir dokunu\u015f kat\u0131n. \u0130neg\u00f6l'de \u00fcretilen bu MDF s\u00fcp\u00fcrgelikler, ah\u015fab\u0131n zarafetini modern tasar\u0131mla bulu\u015fturur. Dayan\u0131kl\u0131 ve estetik yap\u0131s\u0131yla evinizde \u015f\u0131kl\u0131\u011f\u0131 tamamlayacak m\u00fckemmel bir se\u00e7im.","breadcrumb":{"@id":"https:\/\/wesprofil.com\/urun\/ahsap-mdf-supurgelik-8\/#breadcrumb"},"inLanguage":"en-US","potentialAction":[{"@type":"ReadAction","target":["https:\/\/wesprofil.com\/urun\/ahsap-mdf-supurgelik-8\/"]}]},{"@type":"ImageObject","inLanguage":"en-US","@id":"https:\/\/wesprofil.com\/urun\/ahsap-mdf-supurgelik-8\/#primaryimage","url":"https:\/\/wesprofil.com\/wp-content\/uploads\/2024\/08\/wes-ahsap-mdf-supurgelik-1.jpg","contentUrl":"https:\/\/wesprofil.com\/wp-content\/uploads\/2024\/08\/wes-ahsap-mdf-supurgelik-1.jpg","width":1000,"height":1000},{"@type":"BreadcrumbList","@id":"https:\/\/wesprofil.com\/urun\/ahsap-mdf-supurgelik-8\/#breadcrumb","itemListElement":[{"@type":"ListItem","position":1,"name":"Anasayfa","item":"https:\/\/wesprofil.com\/"},{"@type":"ListItem","position":2,"name":"Ma\u011faza","item":"https:\/\/wesprofil.com\/?page_id=7"},{"@type":"ListItem","position":3,"name":"Ah\u015fap MDF S\u00fcp\u00fcrgelik-8"}]},{"@type":"WebSite","@id":"https:\/\/wesprofil.com\/#website","url":"https:\/\/wesprofil.com\/","name":"Wes Profil","description":"\u0130neg\u00f6l MDF Profil \u00dcreticisi","publisher":{"@id":"https:\/\/wesprofil.com\/#organization"},"potentialAction":[{"@type":"SearchAction","target":{"@type":"EntryPoint","urlTemplate":"https:\/\/wesprofil.com\/?s={search_term_string}"},"query-input":{"@type":"PropertyValueSpecification","valueRequired":true,"valueName":"search_term_string"}}],"inLanguage":"en-US"},{"@type":"Organization","@id":"https:\/\/wesprofil.com\/#organization","name":"Wes Profil","alternateName":"\u0130neg\u00f6l Profil \u00dcreticisi","url":"https:\/\/wesprofil.com\/","logo":{"@type":"ImageObject","inLanguage":"en-US","@id":"https:\/\/wesprofil.com\/#\/schema\/logo\/image\/","url":"https:\/\/wesprofil.com\/wp-content\/uploads\/2024\/07\/WES-YENI-LOGO.png","contentUrl":"https:\/\/wesprofil.com\/wp-content\/uploads\/2024\/07\/WES-YENI-LOGO.png","width":1831,"height":568,"caption":"Wes Profil"},"image":{"@id":"https:\/\/wesprofil.com\/#\/schema\/logo\/image\/"},"sameAs":["https:\/\/www.facebook.com\/wesprofil\/","https:\/\/www.instagram.com\/wesprofil\/","https:\/\/tr.linkedin.com\/company\/wesprofil"]}]}},"_links":{"self":[{"href":"https:\/\/wesprofil.com\/en\/wp-json\/wp\/v2\/product\/377","targetHints":{"allow":["GET"]}}],"collection":[{"href":"https:\/\/wesprofil.com\/en\/wp-json\/wp\/v2\/product"}],"about":[{"href":"https:\/\/wesprofil.com\/en\/wp-json\/wp\/v2\/types\/product"}],"replies":[{"embeddable":true,"href":"https:\/\/wesprofil.com\/en\/wp-json\/wp\/v2\/comments?post=377"}],"wp:featuredmedia":[{"embeddable":true,"href":"https:\/\/wesprofil.com\/en\/wp-json\/wp\/v2\/media\/378"}],"wp:attachment":[{"href":"https:\/\/wesprofil.com\/en\/wp-json\/wp\/v2\/media?parent=377"}],"wp:term":[{"taxonomy":"product_cat","embeddable":true,"href":"https:\/\/wesprofil.com\/en\/wp-json\/wp\/v2\/product_cat?post=377"},{"taxonomy":"product_tag","embeddable":true,"href":"https:\/\/wesprofil.com\/en\/wp-json\/wp\/v2\/product_tag?post=377"}],"curies":[{"name":"wp","href":"https:\/\/api.w.org\/{rel}","templated":true}]}}