{"id":348,"date":"2024-08-19T14:49:00","date_gmt":"2024-08-19T14:49:00","guid":{"rendered":"https:\/\/wesprofil.com\/?post_type=product&#038;p=348"},"modified":"2025-11-01T14:40:09","modified_gmt":"2025-11-01T14:40:09","slug":"voda-mdf-duvar-profili","status":"publish","type":"product","link":"https:\/\/wesprofil.com\/en\/product\/voda-mdf-duvar-profili\/","title":{"rendered":"Voda MDF Wall Panel"},"content":{"rendered":"<div class=\"wpb-content-wrapper\"><div class=\"vc_row wpb_row vc_row-fluid\"><div class=\"wpb_column vc_column_container vc_col-sm-12\"><div class=\"vc_column-inner\"><div class=\"wpb_wrapper\">\n\t\t<div id=\"wd-66c35b0a35ad4\" class=\"title-wrapper wd-wpb set-mb-s reset-last-child  wd-rs-66c35b0a35ad4 wd-title-color-default wd-title-style-default text-center  wd-underline-colored\">\n\t\t\t\n\t\t\t<div class=\"liner-continer\">\n\t\t\t\t<h4 class=\"woodmart-title-container title  wd-font-weight- wd-fontsize-l\" >Product Technical Information<\/h4>\n\t\t\t\t\t\t\t<\/div>\n\t\t\t\n\t\t\t\n\t\t\t\n\t\t<\/div>\n\t\t\n\t\t<\/div><\/div><\/div><\/div><div class=\"vc_row wpb_row vc_row-fluid\"><div class=\"wpb_column vc_column_container vc_col-sm-6\"><div class=\"vc_column-inner\"><div class=\"wpb_wrapper\">\n\t<div  class=\"wpb_single_image wpb_content_element vc_align_center\">\n\t\t\n\t\t<figure class=\"wpb_wrapper vc_figure\">\n\t\t\t<a class=\"\" data-lightbox=\"lightbox[rel-348-280926664]\" href=\"https:\/\/wesprofil.com\/wp-content\/uploads\/2024\/08\/wes-voda-olcu-1-1024x271.jpg\" target=\"_self\"><img loading=\"lazy\" decoding=\"async\" width=\"1179\" height=\"312\" src=\"https:\/\/wesprofil.com\/wp-content\/uploads\/2024\/08\/wes-voda-olcu-1.jpg\" class=\"vc_single_image-img attachment-full\" alt=\"\" title=\"wes-voda-olcu (1)\" srcset=\"https:\/\/wesprofil.com\/wp-content\/uploads\/2024\/08\/wes-voda-olcu-1.jpg 1179w, https:\/\/wesprofil.com\/wp-content\/uploads\/2024\/08\/wes-voda-olcu-1-300x79.jpg 300w, https:\/\/wesprofil.com\/wp-content\/uploads\/2024\/08\/wes-voda-olcu-1-1024x271.jpg 1024w, https:\/\/wesprofil.com\/wp-content\/uploads\/2024\/08\/wes-voda-olcu-1-768x203.jpg 768w, https:\/\/wesprofil.com\/wp-content\/uploads\/2024\/08\/wes-voda-olcu-1-1000x265.jpg 1000w, https:\/\/wesprofil.com\/wp-content\/uploads\/2024\/08\/wes-voda-olcu-1-150x40.jpg 150w\" sizes=\"auto, (max-width: 1179px) 100vw, 1179px\" \/><\/a>\n\t\t<\/figure>\n\t<\/div>\n<\/div><\/div><\/div><div class=\"wpb_column vc_column_container vc_col-sm-6\"><div class=\"vc_column-inner\"><div class=\"wpb_wrapper\">\n\t<div  class=\"wpb_single_image wpb_content_element vc_align_center\">\n\t\t\n\t\t<figure class=\"wpb_wrapper vc_figure\">\n\t\t\t<a class=\"\" data-lightbox=\"lightbox[rel-348-3632466085]\" href=\"https:\/\/wesprofil.com\/wp-content\/uploads\/2024\/08\/wes-voda-olcu-2-1024x271.jpg\" target=\"_self\"><img loading=\"lazy\" decoding=\"async\" width=\"1179\" height=\"312\" src=\"https:\/\/wesprofil.com\/wp-content\/uploads\/2024\/08\/wes-voda-olcu-2.jpg\" class=\"vc_single_image-img attachment-full\" alt=\"\" title=\"wes-voda-olcu (2)\" srcset=\"https:\/\/wesprofil.com\/wp-content\/uploads\/2024\/08\/wes-voda-olcu-2.jpg 1179w, https:\/\/wesprofil.com\/wp-content\/uploads\/2024\/08\/wes-voda-olcu-2-300x79.jpg 300w, https:\/\/wesprofil.com\/wp-content\/uploads\/2024\/08\/wes-voda-olcu-2-1024x271.jpg 1024w, https:\/\/wesprofil.com\/wp-content\/uploads\/2024\/08\/wes-voda-olcu-2-768x203.jpg 768w, https:\/\/wesprofil.com\/wp-content\/uploads\/2024\/08\/wes-voda-olcu-2-1000x265.jpg 1000w, https:\/\/wesprofil.com\/wp-content\/uploads\/2024\/08\/wes-voda-olcu-2-150x40.jpg 150w\" sizes=\"auto, (max-width: 1179px) 100vw, 1179px\" \/><\/a>\n\t\t<\/figure>\n\t<\/div>\n<\/div><\/div><\/div><\/div><div class=\"vc_row wpb_row vc_row-fluid\"><div class=\"wpb_column vc_column_container vc_col-sm-12\"><div class=\"vc_column-inner\"><div class=\"wpb_wrapper\">\n\t<div class=\"wpb_text_column wpb_content_element\" >\n\t\t<div class=\"wpb_wrapper\">\n\t\t\t<p>Give your living spaces a strong and characteristic look with Voda MDF Wall Panel. These MDF Panels produced in \u0130neg\u00f6l attract attention with their solid structure and stylish design. Complete your decoration with Voda panel that will add a different atmosphere to your home.<\/p>\n\n\t\t<\/div>\n\t<\/div>\n<\/div><\/div><\/div><\/div>\n<\/div>","protected":false},"excerpt":{"rendered":"\u00dcr\u00fcn\u00fcn Teknik Bilgisi Voda MDF Duvar Profili ile ya\u015fam alanlar\u0131n\u0131za g\u00fc\u00e7l\u00fc ve karakteristik bir g\u00f6r\u00fcn\u00fcm kazand\u0131r\u0131n. \u0130neg\u00f6l'de \u00fcretilen bu MDF","protected":false},"featured_media":349,"comment_status":"open","ping_status":"closed","template":"","meta":[],"product_cat":[18],"product_tag":[],"class_list":{"0":"post-348","1":"product","2":"type-product","3":"status-publish","4":"has-post-thumbnail","6":"product_cat-mdf-duvar-profili","8":"first","9":"instock","10":"shipping-taxable","11":"product-type-simple"},"yoast_head":"<!-- This site is optimized with the Yoast SEO plugin v23.6 - https:\/\/yoast.com\/wordpress\/plugins\/seo\/ -->\n<title>Voda MDF Duvar Profili - Wes Profil<\/title>\n<meta name=\"description\" content=\"Voda MDF Duvar Profili ile ya\u015fam alanlar\u0131n\u0131za g\u00fc\u00e7l\u00fc ve karakteristik bir g\u00f6r\u00fcn\u00fcm kazand\u0131r\u0131n. \u0130neg\u00f6l&#039;de \u00fcretilen bu MDF profiller, sa\u011flam yap\u0131s\u0131 ve \u015f\u0131k tasar\u0131m\u0131yla dikkat \u00e7eker. Evinize farkl\u0131 bir hava katacak Voda profilleri ile dekorasyonunuzu tamamlay\u0131n.\" \/>\n<meta name=\"robots\" content=\"index, follow, max-snippet:-1, max-image-preview:large, max-video-preview:-1\" \/>\n<link rel=\"canonical\" href=\"https:\/\/wesprofil.com\/en\/product\/voda-mdf-duvar-profili\/\" \/>\n<meta property=\"og:locale\" content=\"en_US\" \/>\n<meta property=\"og:type\" content=\"article\" \/>\n<meta property=\"og:title\" content=\"Voda MDF Duvar Profili - Wes Profil\" \/>\n<meta property=\"og:description\" content=\"Voda MDF Duvar Profili ile ya\u015fam alanlar\u0131n\u0131za g\u00fc\u00e7l\u00fc ve karakteristik bir g\u00f6r\u00fcn\u00fcm kazand\u0131r\u0131n. \u0130neg\u00f6l&#039;de \u00fcretilen bu MDF profiller, sa\u011flam yap\u0131s\u0131 ve \u015f\u0131k tasar\u0131m\u0131yla dikkat \u00e7eker. Evinize farkl\u0131 bir hava katacak Voda profilleri ile dekorasyonunuzu tamamlay\u0131n.\" \/>\n<meta property=\"og:url\" content=\"https:\/\/wesprofil.com\/en\/product\/voda-mdf-duvar-profili\/\" \/>\n<meta property=\"og:site_name\" content=\"Wes Profil\" \/>\n<meta property=\"article:publisher\" content=\"https:\/\/www.facebook.com\/wesprofil\/\" \/>\n<meta property=\"article:modified_time\" content=\"2025-11-01T14:40:09+00:00\" \/>\n<meta property=\"og:image\" content=\"https:\/\/wesprofil.com\/wp-content\/uploads\/2024\/08\/wes-voda-mdf-duvar-profili-1.jpg\" \/>\n\t<meta property=\"og:image:width\" content=\"1000\" \/>\n\t<meta property=\"og:image:height\" content=\"1000\" \/>\n\t<meta property=\"og:image:type\" content=\"image\/jpeg\" \/>\n<meta name=\"twitter:card\" content=\"summary_large_image\" \/>\n<meta name=\"twitter:label1\" content=\"Est. reading time\" \/>\n\t<meta name=\"twitter:data1\" content=\"1 minute\" \/>\n<script type=\"application\/ld+json\" class=\"yoast-schema-graph\">{\"@context\":\"https:\/\/schema.org\",\"@graph\":[{\"@type\":\"WebPage\",\"@id\":\"https:\/\/wesprofil.com\/urun\/voda-mdf-duvar-profili\/\",\"url\":\"https:\/\/wesprofil.com\/urun\/voda-mdf-duvar-profili\/\",\"name\":\"Voda MDF Duvar Profili - Wes Profil\",\"isPartOf\":{\"@id\":\"https:\/\/wesprofil.com\/#website\"},\"primaryImageOfPage\":{\"@id\":\"https:\/\/wesprofil.com\/urun\/voda-mdf-duvar-profili\/#primaryimage\"},\"image\":{\"@id\":\"https:\/\/wesprofil.com\/urun\/voda-mdf-duvar-profili\/#primaryimage\"},\"thumbnailUrl\":\"https:\/\/wesprofil.com\/wp-content\/uploads\/2024\/08\/wes-voda-mdf-duvar-profili-1.jpg\",\"datePublished\":\"2024-08-19T14:49:00+00:00\",\"dateModified\":\"2025-11-01T14:40:09+00:00\",\"description\":\"Voda MDF Duvar Profili ile ya\u015fam alanlar\u0131n\u0131za g\u00fc\u00e7l\u00fc ve karakteristik bir g\u00f6r\u00fcn\u00fcm kazand\u0131r\u0131n. \u0130neg\u00f6l'de \u00fcretilen bu MDF profiller, sa\u011flam yap\u0131s\u0131 ve \u015f\u0131k tasar\u0131m\u0131yla dikkat \u00e7eker. Evinize farkl\u0131 bir hava katacak Voda profilleri ile dekorasyonunuzu tamamlay\u0131n.\",\"breadcrumb\":{\"@id\":\"https:\/\/wesprofil.com\/urun\/voda-mdf-duvar-profili\/#breadcrumb\"},\"inLanguage\":\"en-US\",\"potentialAction\":[{\"@type\":\"ReadAction\",\"target\":[\"https:\/\/wesprofil.com\/urun\/voda-mdf-duvar-profili\/\"]}]},{\"@type\":\"ImageObject\",\"inLanguage\":\"en-US\",\"@id\":\"https:\/\/wesprofil.com\/urun\/voda-mdf-duvar-profili\/#primaryimage\",\"url\":\"https:\/\/wesprofil.com\/wp-content\/uploads\/2024\/08\/wes-voda-mdf-duvar-profili-1.jpg\",\"contentUrl\":\"https:\/\/wesprofil.com\/wp-content\/uploads\/2024\/08\/wes-voda-mdf-duvar-profili-1.jpg\",\"width\":1000,\"height\":1000},{\"@type\":\"BreadcrumbList\",\"@id\":\"https:\/\/wesprofil.com\/urun\/voda-mdf-duvar-profili\/#breadcrumb\",\"itemListElement\":[{\"@type\":\"ListItem\",\"position\":1,\"name\":\"Anasayfa\",\"item\":\"https:\/\/wesprofil.com\/\"},{\"@type\":\"ListItem\",\"position\":2,\"name\":\"Ma\u011faza\",\"item\":\"https:\/\/wesprofil.com\/?page_id=7\"},{\"@type\":\"ListItem\",\"position\":3,\"name\":\"Voda MDF Duvar Profili\"}]},{\"@type\":\"WebSite\",\"@id\":\"https:\/\/wesprofil.com\/#website\",\"url\":\"https:\/\/wesprofil.com\/\",\"name\":\"Wes Profil\",\"description\":\"\u0130neg\u00f6l MDF Profil \u00dcreticisi\",\"publisher\":{\"@id\":\"https:\/\/wesprofil.com\/#organization\"},\"potentialAction\":[{\"@type\":\"SearchAction\",\"target\":{\"@type\":\"EntryPoint\",\"urlTemplate\":\"https:\/\/wesprofil.com\/?s={search_term_string}\"},\"query-input\":{\"@type\":\"PropertyValueSpecification\",\"valueRequired\":true,\"valueName\":\"search_term_string\"}}],\"inLanguage\":\"en-US\"},{\"@type\":\"Organization\",\"@id\":\"https:\/\/wesprofil.com\/#organization\",\"name\":\"Wes Profil\",\"alternateName\":\"\u0130neg\u00f6l Profil \u00dcreticisi\",\"url\":\"https:\/\/wesprofil.com\/\",\"logo\":{\"@type\":\"ImageObject\",\"inLanguage\":\"en-US\",\"@id\":\"https:\/\/wesprofil.com\/#\/schema\/logo\/image\/\",\"url\":\"https:\/\/wesprofil.com\/wp-content\/uploads\/2024\/07\/WES-YENI-LOGO.png\",\"contentUrl\":\"https:\/\/wesprofil.com\/wp-content\/uploads\/2024\/07\/WES-YENI-LOGO.png\",\"width\":1831,\"height\":568,\"caption\":\"Wes Profil\"},\"image\":{\"@id\":\"https:\/\/wesprofil.com\/#\/schema\/logo\/image\/\"},\"sameAs\":[\"https:\/\/www.facebook.com\/wesprofil\/\",\"https:\/\/www.instagram.com\/wesprofil\/\",\"https:\/\/tr.linkedin.com\/company\/wesprofil\"]}]}<\/script>\n<!-- \/ Yoast SEO plugin. -->","yoast_head_json":{"title":"Voda MDF Duvar Profili - Wes Profil","description":"Voda MDF Duvar Profili ile ya\u015fam alanlar\u0131n\u0131za g\u00fc\u00e7l\u00fc ve karakteristik bir g\u00f6r\u00fcn\u00fcm kazand\u0131r\u0131n. \u0130neg\u00f6l'de \u00fcretilen bu MDF profiller, sa\u011flam yap\u0131s\u0131 ve \u015f\u0131k tasar\u0131m\u0131yla dikkat \u00e7eker. Evinize farkl\u0131 bir hava katacak Voda profilleri ile dekorasyonunuzu tamamlay\u0131n.","robots":{"index":"index","follow":"follow","max-snippet":"max-snippet:-1","max-image-preview":"max-image-preview:large","max-video-preview":"max-video-preview:-1"},"canonical":"https:\/\/wesprofil.com\/en\/product\/voda-mdf-duvar-profili\/","og_locale":"en_US","og_type":"article","og_title":"Voda MDF Duvar Profili - Wes Profil","og_description":"Voda MDF Duvar Profili ile ya\u015fam alanlar\u0131n\u0131za g\u00fc\u00e7l\u00fc ve karakteristik bir g\u00f6r\u00fcn\u00fcm kazand\u0131r\u0131n. \u0130neg\u00f6l'de \u00fcretilen bu MDF profiller, sa\u011flam yap\u0131s\u0131 ve \u015f\u0131k tasar\u0131m\u0131yla dikkat \u00e7eker. Evinize farkl\u0131 bir hava katacak Voda profilleri ile dekorasyonunuzu tamamlay\u0131n.","og_url":"https:\/\/wesprofil.com\/en\/product\/voda-mdf-duvar-profili\/","og_site_name":"Wes Profil","article_publisher":"https:\/\/www.facebook.com\/wesprofil\/","article_modified_time":"2025-11-01T14:40:09+00:00","og_image":[{"width":1000,"height":1000,"url":"https:\/\/wesprofil.com\/wp-content\/uploads\/2024\/08\/wes-voda-mdf-duvar-profili-1.jpg","type":"image\/jpeg"}],"twitter_card":"summary_large_image","twitter_misc":{"Est. reading time":"1 minute"},"schema":{"@context":"https:\/\/schema.org","@graph":[{"@type":"WebPage","@id":"https:\/\/wesprofil.com\/urun\/voda-mdf-duvar-profili\/","url":"https:\/\/wesprofil.com\/urun\/voda-mdf-duvar-profili\/","name":"Voda MDF Duvar Profili - Wes Profil","isPartOf":{"@id":"https:\/\/wesprofil.com\/#website"},"primaryImageOfPage":{"@id":"https:\/\/wesprofil.com\/urun\/voda-mdf-duvar-profili\/#primaryimage"},"image":{"@id":"https:\/\/wesprofil.com\/urun\/voda-mdf-duvar-profili\/#primaryimage"},"thumbnailUrl":"https:\/\/wesprofil.com\/wp-content\/uploads\/2024\/08\/wes-voda-mdf-duvar-profili-1.jpg","datePublished":"2024-08-19T14:49:00+00:00","dateModified":"2025-11-01T14:40:09+00:00","description":"Voda MDF Duvar Profili ile ya\u015fam alanlar\u0131n\u0131za g\u00fc\u00e7l\u00fc ve karakteristik bir g\u00f6r\u00fcn\u00fcm kazand\u0131r\u0131n. \u0130neg\u00f6l'de \u00fcretilen bu MDF profiller, sa\u011flam yap\u0131s\u0131 ve \u015f\u0131k tasar\u0131m\u0131yla dikkat \u00e7eker. Evinize farkl\u0131 bir hava katacak Voda profilleri ile dekorasyonunuzu tamamlay\u0131n.","breadcrumb":{"@id":"https:\/\/wesprofil.com\/urun\/voda-mdf-duvar-profili\/#breadcrumb"},"inLanguage":"en-US","potentialAction":[{"@type":"ReadAction","target":["https:\/\/wesprofil.com\/urun\/voda-mdf-duvar-profili\/"]}]},{"@type":"ImageObject","inLanguage":"en-US","@id":"https:\/\/wesprofil.com\/urun\/voda-mdf-duvar-profili\/#primaryimage","url":"https:\/\/wesprofil.com\/wp-content\/uploads\/2024\/08\/wes-voda-mdf-duvar-profili-1.jpg","contentUrl":"https:\/\/wesprofil.com\/wp-content\/uploads\/2024\/08\/wes-voda-mdf-duvar-profili-1.jpg","width":1000,"height":1000},{"@type":"BreadcrumbList","@id":"https:\/\/wesprofil.com\/urun\/voda-mdf-duvar-profili\/#breadcrumb","itemListElement":[{"@type":"ListItem","position":1,"name":"Anasayfa","item":"https:\/\/wesprofil.com\/"},{"@type":"ListItem","position":2,"name":"Ma\u011faza","item":"https:\/\/wesprofil.com\/?page_id=7"},{"@type":"ListItem","position":3,"name":"Voda MDF Duvar Profili"}]},{"@type":"WebSite","@id":"https:\/\/wesprofil.com\/#website","url":"https:\/\/wesprofil.com\/","name":"Wes Profil","description":"\u0130neg\u00f6l MDF Profil \u00dcreticisi","publisher":{"@id":"https:\/\/wesprofil.com\/#organization"},"potentialAction":[{"@type":"SearchAction","target":{"@type":"EntryPoint","urlTemplate":"https:\/\/wesprofil.com\/?s={search_term_string}"},"query-input":{"@type":"PropertyValueSpecification","valueRequired":true,"valueName":"search_term_string"}}],"inLanguage":"en-US"},{"@type":"Organization","@id":"https:\/\/wesprofil.com\/#organization","name":"Wes Profil","alternateName":"\u0130neg\u00f6l Profil \u00dcreticisi","url":"https:\/\/wesprofil.com\/","logo":{"@type":"ImageObject","inLanguage":"en-US","@id":"https:\/\/wesprofil.com\/#\/schema\/logo\/image\/","url":"https:\/\/wesprofil.com\/wp-content\/uploads\/2024\/07\/WES-YENI-LOGO.png","contentUrl":"https:\/\/wesprofil.com\/wp-content\/uploads\/2024\/07\/WES-YENI-LOGO.png","width":1831,"height":568,"caption":"Wes Profil"},"image":{"@id":"https:\/\/wesprofil.com\/#\/schema\/logo\/image\/"},"sameAs":["https:\/\/www.facebook.com\/wesprofil\/","https:\/\/www.instagram.com\/wesprofil\/","https:\/\/tr.linkedin.com\/company\/wesprofil"]}]}},"_links":{"self":[{"href":"https:\/\/wesprofil.com\/en\/wp-json\/wp\/v2\/product\/348","targetHints":{"allow":["GET"]}}],"collection":[{"href":"https:\/\/wesprofil.com\/en\/wp-json\/wp\/v2\/product"}],"about":[{"href":"https:\/\/wesprofil.com\/en\/wp-json\/wp\/v2\/types\/product"}],"replies":[{"embeddable":true,"href":"https:\/\/wesprofil.com\/en\/wp-json\/wp\/v2\/comments?post=348"}],"wp:featuredmedia":[{"embeddable":true,"href":"https:\/\/wesprofil.com\/en\/wp-json\/wp\/v2\/media\/349"}],"wp:attachment":[{"href":"https:\/\/wesprofil.com\/en\/wp-json\/wp\/v2\/media?parent=348"}],"wp:term":[{"taxonomy":"product_cat","embeddable":true,"href":"https:\/\/wesprofil.com\/en\/wp-json\/wp\/v2\/product_cat?post=348"},{"taxonomy":"product_tag","embeddable":true,"href":"https:\/\/wesprofil.com\/en\/wp-json\/wp\/v2\/product_tag?post=348"}],"curies":[{"name":"wp","href":"https:\/\/api.w.org\/{rel}","templated":true}]}}