{"id":22,"date":"2024-07-31T12:33:04","date_gmt":"2024-07-31T12:33:04","guid":{"rendered":"https:\/\/wesprofil.com\/?page_id=22"},"modified":"2024-08-14T12:36:05","modified_gmt":"2024-08-14T12:36:05","slug":"hakkimizda","status":"publish","type":"page","link":"https:\/\/wesprofil.com\/en\/hakkimizda\/","title":{"rendered":"About US"},"content":{"rendered":"<div class=\"wpb-content-wrapper\"><div data-vc-full-width=\"true\" data-vc-full-width-init=\"false\" data-vc-stretch-content=\"true\" class=\"vc_row wpb_row vc_row-fluid vc_custom_1723551490855 vc_column-gap-3 vc_row-no-padding wd-rs-66bb4ef5a09e7\"><div class=\"wpb_column vc_column_container vc_col-sm-12\"><div class=\"vc_column-inner\"><div class=\"wpb_wrapper\">\t\t<div class=\"wd-page-title-el wd-wpb wd-rs-66bb4ed14761d vc_custom_1723551448984\">\n\t\t\t\t\t<\/div>\n\t\t<\/div><\/div><\/div><\/div><div class=\"vc_row-full-width vc_clearfix\"><\/div><div class=\"vc_row wpb_row vc_row-fluid\"><div class=\"wpb_column vc_column_container vc_col-sm-12\"><div class=\"vc_column-inner\"><div class=\"wpb_wrapper\">\n\t<div class=\"wpb_text_column wpb_content_element color-scheme-dark\" >\n\t\t<div class=\"wpb_wrapper\">\n\t\t\t<h3 class=\"woodmart-title-container title wd-font-weight- wd-fontsize-l\" style=\"text-align: left;\">Perfection Hidden in Details.<\/h3>\n<p style=\"text-align: left; font-size: 16px;\">WES has positioned itself as an innovative and design-oriented brand in its sector. By taking advantage of technology and innovation. And its modern production facilities MDF, MDF-lam, panel, profile, skirting board and materials production for many different sectors.<br \/>\nWES carries out its activities with the mission of being a leading brand that is sensitive to society and the environment and grows by leading the sector.<br \/>\nAdding color, elegance and sustainable liveliness to the living spaces of millions of people who care about quality and aesthetics, WES PROF\u0130L has become the trend-setting brand of the furniture components sector since the first day it was founded, without compromising its ethical values \u200b\u200band quality principles, by taking inspiration from nature and closely following the developments in technology and design.<\/p>\n\n\t\t<\/div>\n\t<\/div>\n<\/div><\/div><\/div><\/div><div class=\"vc_row wpb_row vc_row-fluid\"><div class=\"wpb_column vc_column_container vc_col-sm-12\"><div class=\"vc_column-inner\"><div class=\"wpb_wrapper\"><div class=\"wpb_images_carousel wpb_content_element vc_clearfix\"><div class=\"wpb_wrapper\"><div id=\"vc_images-carousel-1-1776894037\" data-ride=\"vc_carousel\" data-wrap=\"false\" style=\"width: 100%;\" data-interval=\"0\" data-auto-height=\"yes\" data-mode=\"horizontal\" data-partial=\"false\" data-per-view=\"3\" data-hide-on-end=\"true\" class=\"vc_slide vc_images_carousel\"><ol class=\"vc_carousel-indicators\"><li data-target=\"#vc_images-carousel-1-1776894037\" data-slide-to=\"0\"><\/li><li data-target=\"#vc_images-carousel-1-1776894037\" data-slide-to=\"1\"><\/li><li data-target=\"#vc_images-carousel-1-1776894037\" data-slide-to=\"2\"><\/li><li data-target=\"#vc_images-carousel-1-1776894037\" data-slide-to=\"3\"><\/li><li data-target=\"#vc_images-carousel-1-1776894037\" data-slide-to=\"4\"><\/li><li data-target=\"#vc_images-carousel-1-1776894037\" data-slide-to=\"5\"><\/li><\/ol><div class=\"vc_carousel-inner\"><div class=\"vc_carousel-slideline\"><div class=\"vc_carousel-slideline-inner\"><div class=\"vc_item\"><div class=\"vc_inner\"><img loading=\"lazy\" decoding=\"async\" width=\"1575\" height=\"1050\" src=\"https:\/\/wesprofil.com\/wp-content\/uploads\/2024\/08\/wes-hakkimizda-1.jpg\" class=\"attachment-full\" alt=\"\" title=\"wes-hakkimizda (1)\" srcset=\"https:\/\/wesprofil.com\/wp-content\/uploads\/2024\/08\/wes-hakkimizda-1.jpg 1575w, https:\/\/wesprofil.com\/wp-content\/uploads\/2024\/08\/wes-hakkimizda-1-1000x667.jpg 1000w, https:\/\/wesprofil.com\/wp-content\/uploads\/2024\/08\/wes-hakkimizda-1-150x100.jpg 150w, https:\/\/wesprofil.com\/wp-content\/uploads\/2024\/08\/wes-hakkimizda-1-300x200.jpg 300w, https:\/\/wesprofil.com\/wp-content\/uploads\/2024\/08\/wes-hakkimizda-1-1024x683.jpg 1024w, https:\/\/wesprofil.com\/wp-content\/uploads\/2024\/08\/wes-hakkimizda-1-768x512.jpg 768w, https:\/\/wesprofil.com\/wp-content\/uploads\/2024\/08\/wes-hakkimizda-1-1536x1024.jpg 1536w\" sizes=\"auto, (max-width: 1575px) 100vw, 1575px\" \/><\/div><\/div><div class=\"vc_item\"><div class=\"vc_inner\"><img loading=\"lazy\" decoding=\"async\" width=\"1575\" height=\"1050\" src=\"https:\/\/wesprofil.com\/wp-content\/uploads\/2024\/08\/wes-hakkimizda-6.jpg\" class=\"attachment-full\" alt=\"\" title=\"wes-hakkimizda (6)\" srcset=\"https:\/\/wesprofil.com\/wp-content\/uploads\/2024\/08\/wes-hakkimizda-6.jpg 1575w, https:\/\/wesprofil.com\/wp-content\/uploads\/2024\/08\/wes-hakkimizda-6-1000x667.jpg 1000w, https:\/\/wesprofil.com\/wp-content\/uploads\/2024\/08\/wes-hakkimizda-6-150x100.jpg 150w, https:\/\/wesprofil.com\/wp-content\/uploads\/2024\/08\/wes-hakkimizda-6-300x200.jpg 300w, https:\/\/wesprofil.com\/wp-content\/uploads\/2024\/08\/wes-hakkimizda-6-1024x683.jpg 1024w, https:\/\/wesprofil.com\/wp-content\/uploads\/2024\/08\/wes-hakkimizda-6-768x512.jpg 768w, https:\/\/wesprofil.com\/wp-content\/uploads\/2024\/08\/wes-hakkimizda-6-1536x1024.jpg 1536w\" sizes=\"auto, (max-width: 1575px) 100vw, 1575px\" \/><\/div><\/div><div class=\"vc_item\"><div class=\"vc_inner\"><img loading=\"lazy\" decoding=\"async\" width=\"1575\" height=\"1050\" src=\"https:\/\/wesprofil.com\/wp-content\/uploads\/2024\/08\/wes-hakkimizda-5.jpg\" class=\"attachment-full\" alt=\"\" title=\"wes-hakkimizda (5)\" srcset=\"https:\/\/wesprofil.com\/wp-content\/uploads\/2024\/08\/wes-hakkimizda-5.jpg 1575w, https:\/\/wesprofil.com\/wp-content\/uploads\/2024\/08\/wes-hakkimizda-5-1000x667.jpg 1000w, https:\/\/wesprofil.com\/wp-content\/uploads\/2024\/08\/wes-hakkimizda-5-150x100.jpg 150w, https:\/\/wesprofil.com\/wp-content\/uploads\/2024\/08\/wes-hakkimizda-5-300x200.jpg 300w, https:\/\/wesprofil.com\/wp-content\/uploads\/2024\/08\/wes-hakkimizda-5-1024x683.jpg 1024w, https:\/\/wesprofil.com\/wp-content\/uploads\/2024\/08\/wes-hakkimizda-5-768x512.jpg 768w, https:\/\/wesprofil.com\/wp-content\/uploads\/2024\/08\/wes-hakkimizda-5-1536x1024.jpg 1536w\" sizes=\"auto, (max-width: 1575px) 100vw, 1575px\" \/><\/div><\/div><div class=\"vc_item\"><div class=\"vc_inner\"><img loading=\"lazy\" decoding=\"async\" width=\"1575\" height=\"1050\" src=\"https:\/\/wesprofil.com\/wp-content\/uploads\/2024\/08\/wes-hakkimizda-4.jpg\" class=\"attachment-full\" alt=\"\" title=\"wes-hakkimizda (4)\" srcset=\"https:\/\/wesprofil.com\/wp-content\/uploads\/2024\/08\/wes-hakkimizda-4.jpg 1575w, https:\/\/wesprofil.com\/wp-content\/uploads\/2024\/08\/wes-hakkimizda-4-1000x667.jpg 1000w, https:\/\/wesprofil.com\/wp-content\/uploads\/2024\/08\/wes-hakkimizda-4-150x100.jpg 150w, https:\/\/wesprofil.com\/wp-content\/uploads\/2024\/08\/wes-hakkimizda-4-300x200.jpg 300w, https:\/\/wesprofil.com\/wp-content\/uploads\/2024\/08\/wes-hakkimizda-4-1024x683.jpg 1024w, https:\/\/wesprofil.com\/wp-content\/uploads\/2024\/08\/wes-hakkimizda-4-768x512.jpg 768w, https:\/\/wesprofil.com\/wp-content\/uploads\/2024\/08\/wes-hakkimizda-4-1536x1024.jpg 1536w\" sizes=\"auto, (max-width: 1575px) 100vw, 1575px\" \/><\/div><\/div><div class=\"vc_item\"><div class=\"vc_inner\"><img loading=\"lazy\" decoding=\"async\" width=\"1575\" height=\"1050\" src=\"https:\/\/wesprofil.com\/wp-content\/uploads\/2024\/08\/wes-hakkimizda-3.jpg\" class=\"attachment-full\" alt=\"\" title=\"wes-hakkimizda (3)\" srcset=\"https:\/\/wesprofil.com\/wp-content\/uploads\/2024\/08\/wes-hakkimizda-3.jpg 1575w, https:\/\/wesprofil.com\/wp-content\/uploads\/2024\/08\/wes-hakkimizda-3-1000x667.jpg 1000w, https:\/\/wesprofil.com\/wp-content\/uploads\/2024\/08\/wes-hakkimizda-3-150x100.jpg 150w, https:\/\/wesprofil.com\/wp-content\/uploads\/2024\/08\/wes-hakkimizda-3-300x200.jpg 300w, https:\/\/wesprofil.com\/wp-content\/uploads\/2024\/08\/wes-hakkimizda-3-1024x683.jpg 1024w, https:\/\/wesprofil.com\/wp-content\/uploads\/2024\/08\/wes-hakkimizda-3-768x512.jpg 768w, https:\/\/wesprofil.com\/wp-content\/uploads\/2024\/08\/wes-hakkimizda-3-1536x1024.jpg 1536w\" sizes=\"auto, (max-width: 1575px) 100vw, 1575px\" \/><\/div><\/div><div class=\"vc_item\"><div class=\"vc_inner\"><img loading=\"lazy\" decoding=\"async\" width=\"1575\" height=\"1050\" src=\"https:\/\/wesprofil.com\/wp-content\/uploads\/2024\/08\/wes-hakkimizda-2.jpg\" class=\"attachment-full\" alt=\"\" title=\"wes-hakkimizda (2)\" srcset=\"https:\/\/wesprofil.com\/wp-content\/uploads\/2024\/08\/wes-hakkimizda-2.jpg 1575w, https:\/\/wesprofil.com\/wp-content\/uploads\/2024\/08\/wes-hakkimizda-2-1000x667.jpg 1000w, https:\/\/wesprofil.com\/wp-content\/uploads\/2024\/08\/wes-hakkimizda-2-150x100.jpg 150w, https:\/\/wesprofil.com\/wp-content\/uploads\/2024\/08\/wes-hakkimizda-2-300x200.jpg 300w, https:\/\/wesprofil.com\/wp-content\/uploads\/2024\/08\/wes-hakkimizda-2-1024x683.jpg 1024w, https:\/\/wesprofil.com\/wp-content\/uploads\/2024\/08\/wes-hakkimizda-2-768x512.jpg 768w, https:\/\/wesprofil.com\/wp-content\/uploads\/2024\/08\/wes-hakkimizda-2-1536x1024.jpg 1536w\" sizes=\"auto, (max-width: 1575px) 100vw, 1575px\" \/><\/div><\/div><\/div><\/div><\/div><a class=\"vc_left vc_carousel-control\" href=\"#vc_images-carousel-1-1776894037\" data-slide=\"prev\"><span class=\"icon-prev\"><\/span><\/a><a class=\"vc_right vc_carousel-control\" href=\"#vc_images-carousel-1-1776894037\" data-slide=\"next\"><span class=\"icon-next\"><\/span><\/a><\/div><\/div><\/div><\/div><\/div><\/div><\/div><div class=\"vc_row wpb_row vc_row-fluid vc_custom_1624018642070\"><div class=\"wpb_column vc_column_container vc_col-sm-12\"><div class=\"vc_column-inner vc_custom_1620115036623\"><div class=\"wpb_wrapper\">\n\t\t<div id=\"wd-66bca2d1b0e93\" class=\"title-wrapper wd-wpb set-mb-s reset-last-child  wd-rs-66bca2d1b0e93 wd-title-color-primary wd-title-style-default text-center  wd-underline-colored\">\n\t\t\t\t\t\t\t<div class=\"title-subtitle  subtitle-color-primary font-alt subtitle-style-default wd-font-weight-500 wd-fontsize-xs\">We Do Our Job With Love<\/div>\n\t\t\t\n\t\t\t<div class=\"liner-continer\">\n\t\t\t\t<h4 class=\"woodmart-title-container title  wd-font-weight- wd-fontsize-xxl\" >Customer Satisfaction<\/h4>\n\t\t\t\t\t\t\t<\/div>\n\t\t\t\n\t\t\t\t\t\t\t<div class=\"title-after_title  set-cont-mb-s reset-last-child  wd-fontsize-s\">ADD INNOVATION TO YOUR LIVING SPACE...<\/div>\n\t\t\t\n\t\t\t\n\t\t<\/div>\n\t\t\n\t\t\t\t\t<div id=\"wd-60cc9073cbeab\" class=\"testimonials wd-rs-60cc9073cbeab testimon-style-info-top color-scheme-  testimon-with-rating  wd-carousel-container\">\n\t\t\t\t\n\t\t\t\t\t\t\t\t\t<div class=\"wd-carousel-inner\">\n\t\t\t\t\t\t\t\t<div class=\"wd-carousel wd-grid\" data-scroll_per_page=\"yes\" style=\"--wd-col-lg:3;--wd-col-md:3;--wd-col-sm:1;--wd-gap-lg:30px;--wd-gap-sm:10px;\">\n\t\t\t\t\t\t\t\t\t\t\t<div class=\"wd-carousel-wrap\">\n\t\t\t\t\t\n\t\t\t\t\t\n<div class=\"wd-testimon  wd-carousel-item\">\n\t<div class=\"wd-testimon-info\">\n\t\t\n\t\t<div class=\"wd-testimon-bio\">\n\t\t\t\t\t\t\t<div class=\"wd-testimon-name title\">\n\t\t\t\t\tAhmet Kuru\t\t\t\t<\/div>\n\t\t\t\n\t\t\t\n\t\t\t<div class=\"star-rating\">\n\t\t\t\t<span style=\"width:100%\"><\/span>\n\t\t\t<\/div>\n\t\t<\/div>\n\t<\/div>\n\n\t\t\t<div class=\"wd-testimon-text reset-last-child\">\n\t\t\tWall panels add a new dimension and character to our office, they will help you create a modern and stylish atmosphere in any space.\t\t<\/div>\n\t<\/div>\n<div class=\"wd-testimon  wd-carousel-item\">\n\t<div class=\"wd-testimon-info\">\n\t\t\n\t\t<div class=\"wd-testimon-bio\">\n\t\t\t\t\t\t\t<div class=\"wd-testimon-name title\">\n\t\t\t\t\tCansu Keskin\t\t\t\t<\/div>\n\t\t\t\n\t\t\t\n\t\t\t<div class=\"star-rating\">\n\t\t\t\t<span style=\"width:100%\"><\/span>\n\t\t\t<\/div>\n\t\t<\/div>\n\t<\/div>\n\n\t\t\t<div class=\"wd-testimon-text reset-last-child\">\n\t\t\tEverything is perfect, its thickness and quality... It brought a new style to home decoration.\t\t<\/div>\n\t<\/div>\n<div class=\"wd-testimon  wd-carousel-item\">\n\t<div class=\"wd-testimon-info\">\n\t\t\n\t\t<div class=\"wd-testimon-bio\">\n\t\t\t\t\t\t\t<div class=\"wd-testimon-name title\">\n\t\t\t\t\tEmine Kiraz\t\t\t\t<\/div>\n\t\t\t\n\t\t\t\n\t\t\t<div class=\"star-rating\">\n\t\t\t\t<span style=\"width:100%\"><\/span>\n\t\t\t<\/div>\n\t\t<\/div>\n\t<\/div>\n\n\t\t\t<div class=\"wd-testimon-text reset-last-child\">\n\t\t\tThe wall panels are very nice and high quality, I recommend them, I used them in kitchen decoration.\t\t<\/div>\n\t<\/div>\n<div class=\"wd-testimon  wd-carousel-item\">\n\t<div class=\"wd-testimon-info\">\n\t\t\n\t\t<div class=\"wd-testimon-bio\">\n\t\t\t\t\t\t\t<div class=\"wd-testimon-name title\">\n\t\t\t\t\tAhmet Kuru\t\t\t\t<\/div>\n\t\t\t\n\t\t\t\n\t\t\t<div class=\"star-rating\">\n\t\t\t\t<span style=\"width:100%\"><\/span>\n\t\t\t<\/div>\n\t\t<\/div>\n\t<\/div>\n\n\t\t\t<div class=\"wd-testimon-text reset-last-child\">\n\t\t\tWall panels add a new dimension and character to our office, they will help you create a modern and stylish atmosphere in any space.\t\t<\/div>\n\t<\/div>\n\t\t\t\t\t\t\t\t\t\t\t<\/div>\n\t\t\t\t\t\t\t\t\t<\/div>\n\n\t\t\t\t\t\t\t\t\t\t\t\t\t\t\t\t\t<div class=\"wd-nav-arrows wd-pos-sep wd-hover-1 wd-icon-1\">\n\t\t\t<div class=\"wd-btn-arrow wd-prev wd-disabled\">\n\t\t\t\t<div class=\"wd-arrow-inner\"><\/div>\n\t\t\t<\/div>\n\t\t\t<div class=\"wd-btn-arrow wd-next\">\n\t\t\t\t<div class=\"wd-arrow-inner\"><\/div>\n\t\t\t<\/div>\n\t\t<\/div>\n\t\t\t\t\t\t\t\n\t\t\t\t\t<\/div>\n\n\t\t\t\t\t\t\t<div class=\"wd-nav-pagin-wrap text-center wd-style-shape wd-hide-md-sm wd-hide-sm\">\n\t\t\t<ul class=\"wd-nav-pagin\"><\/ul>\n\t\t<\/div>\n\t\t\t\t\t\t\t\t\t\t\t\t\t\t<\/div>\n\t\t<\/div><\/div><\/div><\/div><div class=\"vc_row wpb_row vc_row-fluid\"><div class=\"wpb_column vc_column_container vc_col-sm-12\"><div class=\"vc_column-inner\"><div class=\"wpb_wrapper\"><div class=\"vc_separator wpb_content_element vc_separator_align_center vc_sep_width_100 vc_sep_pos_align_center vc_sep_color_grey vc_separator-has-text\" ><span class=\"vc_sep_holder vc_sep_holder_l\"><span class=\"vc_sep_line\"><\/span><\/span><h4>You Can Get Assistance From the Map<\/h4><span class=\"vc_sep_holder vc_sep_holder_r\"><span class=\"vc_sep_line\"><\/span><\/span>\n<\/div><\/div><\/div><\/div><\/div><div class=\"vc_row wpb_row vc_row-fluid\"><div class=\"wpb_column vc_column_container vc_col-sm-12\"><div class=\"vc_column-inner\"><div class=\"wpb_wrapper\"><div class=\"wpb_gmaps_widget wpb_content_element\"><div class=\"wpb_wrapper\"><div class=\"wpb_map_wraper\"><iframe src=\"https:\/\/www.google.com\/maps\/embed?pb=!1m18!1m12!1m3!1d390209.7641746908!2d28.959288405401058!3d40.17537806283244!2m3!1f0!2f0!3f0!3m2!1i1024!2i768!4f13.1!3m3!1m2!1s0x14cbcb9fb83b2f3b%3A0xf4e2ed403579bf5f!2sMirza%20Orman%20%C3%9Cr%C3%BCnleri%20%2F%20Wes%20MDF%20Profil!5e0!3m2!1str!2str!4v1723638840208!5m2!1str!2str\" width=\"600\" height=\"450\" style=\"border:0;\" allowfullscreen=\"\" loading=\"lazy\" referrerpolicy=\"no-referrer-when-downgrade\"><\/iframe><\/div><\/div><\/div><\/div><\/div><\/div><\/div>\n<\/div>","protected":false},"excerpt":{"rendered":"Detaylarda Sakl\u0131 M\u00fckemmellik. Kurulu modern \u00fcretim tesislerinde; MDF, MDF-lam, panel, profil, s\u00fcp\u00fcrgelik \u00fcretimi ile pek \u00e7ok farkl\u0131 sekt\u00f6re malzeme \u00fcreten","protected":false},"author":1,"featured_media":0,"parent":0,"menu_order":0,"comment_status":"closed","ping_status":"closed","template":"","meta":{"footnotes":""},"class_list":["post-22","page","type-page","status-publish","hentry"],"yoast_head":"<!-- This site is optimized with the Yoast SEO plugin v23.6 - https:\/\/yoast.com\/wordpress\/plugins\/seo\/ -->\n<title>Hakk\u0131m\u0131zda - Wes Profil<\/title>\n<meta name=\"description\" content=\"Wes Profil, ya\u015fam alanlar\u0131n\u0131z\u0131 modern ve estetik \u00e7\u00f6z\u00fcmlerle bulu\u015fturuyor. \u0130neg\u00f6l&#039;de \u00fcretilen MDF duvar profilleri ile ev ve i\u015f yerlerinize \u015f\u0131kl\u0131k kat\u0131n. Bursa MDF duvar profilleri ve \u0130neg\u00f6l MDF duvar profilleri konusunda kaliteli ve uzun \u00f6m\u00fcrl\u00fc \u00fcr\u00fcnler sunuyoruz.\" \/>\n<meta name=\"robots\" content=\"index, follow, max-snippet:-1, max-image-preview:large, max-video-preview:-1\" \/>\n<link rel=\"canonical\" href=\"https:\/\/wesprofil.com\/en\/hakkimizda\/\" \/>\n<meta property=\"og:locale\" content=\"en_US\" \/>\n<meta property=\"og:type\" content=\"article\" \/>\n<meta property=\"og:title\" content=\"Hakk\u0131m\u0131zda - Wes Profil\" \/>\n<meta property=\"og:description\" content=\"Wes Profil, ya\u015fam alanlar\u0131n\u0131z\u0131 modern ve estetik \u00e7\u00f6z\u00fcmlerle bulu\u015fturuyor. \u0130neg\u00f6l&#039;de \u00fcretilen MDF duvar profilleri ile ev ve i\u015f yerlerinize \u015f\u0131kl\u0131k kat\u0131n. Bursa MDF duvar profilleri ve \u0130neg\u00f6l MDF duvar profilleri konusunda kaliteli ve uzun \u00f6m\u00fcrl\u00fc \u00fcr\u00fcnler sunuyoruz.\" \/>\n<meta property=\"og:url\" content=\"https:\/\/wesprofil.com\/en\/hakkimizda\/\" \/>\n<meta property=\"og:site_name\" content=\"Wes Profil\" \/>\n<meta property=\"article:publisher\" content=\"https:\/\/www.facebook.com\/wesprofil\/\" \/>\n<meta property=\"article:modified_time\" content=\"2024-08-14T12:36:05+00:00\" \/>\n<meta name=\"twitter:card\" content=\"summary_large_image\" \/>\n<meta name=\"twitter:label1\" content=\"Est. reading time\" \/>\n\t<meta name=\"twitter:data1\" content=\"4 minutes\" \/>\n<script type=\"application\/ld+json\" class=\"yoast-schema-graph\">{\"@context\":\"https:\/\/schema.org\",\"@graph\":[{\"@type\":\"WebPage\",\"@id\":\"https:\/\/wesprofil.com\/hakkimizda\/\",\"url\":\"https:\/\/wesprofil.com\/hakkimizda\/\",\"name\":\"Hakk\u0131m\u0131zda - Wes Profil\",\"isPartOf\":{\"@id\":\"https:\/\/wesprofil.com\/#website\"},\"datePublished\":\"2024-07-31T12:33:04+00:00\",\"dateModified\":\"2024-08-14T12:36:05+00:00\",\"description\":\"Wes Profil, ya\u015fam alanlar\u0131n\u0131z\u0131 modern ve estetik \u00e7\u00f6z\u00fcmlerle bulu\u015fturuyor. \u0130neg\u00f6l'de \u00fcretilen MDF duvar profilleri ile ev ve i\u015f yerlerinize \u015f\u0131kl\u0131k kat\u0131n. Bursa MDF duvar profilleri ve \u0130neg\u00f6l MDF duvar profilleri konusunda kaliteli ve uzun \u00f6m\u00fcrl\u00fc \u00fcr\u00fcnler sunuyoruz.\",\"breadcrumb\":{\"@id\":\"https:\/\/wesprofil.com\/hakkimizda\/#breadcrumb\"},\"inLanguage\":\"en-US\",\"potentialAction\":[{\"@type\":\"ReadAction\",\"target\":[\"https:\/\/wesprofil.com\/hakkimizda\/\"]}]},{\"@type\":\"BreadcrumbList\",\"@id\":\"https:\/\/wesprofil.com\/hakkimizda\/#breadcrumb\",\"itemListElement\":[{\"@type\":\"ListItem\",\"position\":1,\"name\":\"Anasayfa\",\"item\":\"https:\/\/wesprofil.com\/\"},{\"@type\":\"ListItem\",\"position\":2,\"name\":\"Hakk\u0131m\u0131zda\"}]},{\"@type\":\"WebSite\",\"@id\":\"https:\/\/wesprofil.com\/#website\",\"url\":\"https:\/\/wesprofil.com\/\",\"name\":\"Wes Profil\",\"description\":\"\u0130neg\u00f6l MDF Profil \u00dcreticisi\",\"publisher\":{\"@id\":\"https:\/\/wesprofil.com\/#organization\"},\"potentialAction\":[{\"@type\":\"SearchAction\",\"target\":{\"@type\":\"EntryPoint\",\"urlTemplate\":\"https:\/\/wesprofil.com\/?s={search_term_string}\"},\"query-input\":{\"@type\":\"PropertyValueSpecification\",\"valueRequired\":true,\"valueName\":\"search_term_string\"}}],\"inLanguage\":\"en-US\"},{\"@type\":\"Organization\",\"@id\":\"https:\/\/wesprofil.com\/#organization\",\"name\":\"Wes Profil\",\"alternateName\":\"\u0130neg\u00f6l Profil \u00dcreticisi\",\"url\":\"https:\/\/wesprofil.com\/\",\"logo\":{\"@type\":\"ImageObject\",\"inLanguage\":\"en-US\",\"@id\":\"https:\/\/wesprofil.com\/#\/schema\/logo\/image\/\",\"url\":\"https:\/\/wesprofil.com\/wp-content\/uploads\/2024\/07\/WES-YENI-LOGO.png\",\"contentUrl\":\"https:\/\/wesprofil.com\/wp-content\/uploads\/2024\/07\/WES-YENI-LOGO.png\",\"width\":1831,\"height\":568,\"caption\":\"Wes Profil\"},\"image\":{\"@id\":\"https:\/\/wesprofil.com\/#\/schema\/logo\/image\/\"},\"sameAs\":[\"https:\/\/www.facebook.com\/wesprofil\/\",\"https:\/\/www.instagram.com\/wesprofil\/\",\"https:\/\/tr.linkedin.com\/company\/wesprofil\"]}]}<\/script>\n<!-- \/ Yoast SEO plugin. -->","yoast_head_json":{"title":"Hakk\u0131m\u0131zda - Wes Profil","description":"Wes Profil, ya\u015fam alanlar\u0131n\u0131z\u0131 modern ve estetik \u00e7\u00f6z\u00fcmlerle bulu\u015fturuyor. \u0130neg\u00f6l'de \u00fcretilen MDF duvar profilleri ile ev ve i\u015f yerlerinize \u015f\u0131kl\u0131k kat\u0131n. Bursa MDF duvar profilleri ve \u0130neg\u00f6l MDF duvar profilleri konusunda kaliteli ve uzun \u00f6m\u00fcrl\u00fc \u00fcr\u00fcnler sunuyoruz.","robots":{"index":"index","follow":"follow","max-snippet":"max-snippet:-1","max-image-preview":"max-image-preview:large","max-video-preview":"max-video-preview:-1"},"canonical":"https:\/\/wesprofil.com\/en\/hakkimizda\/","og_locale":"en_US","og_type":"article","og_title":"Hakk\u0131m\u0131zda - Wes Profil","og_description":"Wes Profil, ya\u015fam alanlar\u0131n\u0131z\u0131 modern ve estetik \u00e7\u00f6z\u00fcmlerle bulu\u015fturuyor. \u0130neg\u00f6l'de \u00fcretilen MDF duvar profilleri ile ev ve i\u015f yerlerinize \u015f\u0131kl\u0131k kat\u0131n. Bursa MDF duvar profilleri ve \u0130neg\u00f6l MDF duvar profilleri konusunda kaliteli ve uzun \u00f6m\u00fcrl\u00fc \u00fcr\u00fcnler sunuyoruz.","og_url":"https:\/\/wesprofil.com\/en\/hakkimizda\/","og_site_name":"Wes Profil","article_publisher":"https:\/\/www.facebook.com\/wesprofil\/","article_modified_time":"2024-08-14T12:36:05+00:00","twitter_card":"summary_large_image","twitter_misc":{"Est. reading time":"4 minutes"},"schema":{"@context":"https:\/\/schema.org","@graph":[{"@type":"WebPage","@id":"https:\/\/wesprofil.com\/hakkimizda\/","url":"https:\/\/wesprofil.com\/hakkimizda\/","name":"Hakk\u0131m\u0131zda - Wes Profil","isPartOf":{"@id":"https:\/\/wesprofil.com\/#website"},"datePublished":"2024-07-31T12:33:04+00:00","dateModified":"2024-08-14T12:36:05+00:00","description":"Wes Profil, ya\u015fam alanlar\u0131n\u0131z\u0131 modern ve estetik \u00e7\u00f6z\u00fcmlerle bulu\u015fturuyor. \u0130neg\u00f6l'de \u00fcretilen MDF duvar profilleri ile ev ve i\u015f yerlerinize \u015f\u0131kl\u0131k kat\u0131n. Bursa MDF duvar profilleri ve \u0130neg\u00f6l MDF duvar profilleri konusunda kaliteli ve uzun \u00f6m\u00fcrl\u00fc \u00fcr\u00fcnler sunuyoruz.","breadcrumb":{"@id":"https:\/\/wesprofil.com\/hakkimizda\/#breadcrumb"},"inLanguage":"en-US","potentialAction":[{"@type":"ReadAction","target":["https:\/\/wesprofil.com\/hakkimizda\/"]}]},{"@type":"BreadcrumbList","@id":"https:\/\/wesprofil.com\/hakkimizda\/#breadcrumb","itemListElement":[{"@type":"ListItem","position":1,"name":"Anasayfa","item":"https:\/\/wesprofil.com\/"},{"@type":"ListItem","position":2,"name":"Hakk\u0131m\u0131zda"}]},{"@type":"WebSite","@id":"https:\/\/wesprofil.com\/#website","url":"https:\/\/wesprofil.com\/","name":"Wes Profil","description":"\u0130neg\u00f6l MDF Profil \u00dcreticisi","publisher":{"@id":"https:\/\/wesprofil.com\/#organization"},"potentialAction":[{"@type":"SearchAction","target":{"@type":"EntryPoint","urlTemplate":"https:\/\/wesprofil.com\/?s={search_term_string}"},"query-input":{"@type":"PropertyValueSpecification","valueRequired":true,"valueName":"search_term_string"}}],"inLanguage":"en-US"},{"@type":"Organization","@id":"https:\/\/wesprofil.com\/#organization","name":"Wes Profil","alternateName":"\u0130neg\u00f6l Profil \u00dcreticisi","url":"https:\/\/wesprofil.com\/","logo":{"@type":"ImageObject","inLanguage":"en-US","@id":"https:\/\/wesprofil.com\/#\/schema\/logo\/image\/","url":"https:\/\/wesprofil.com\/wp-content\/uploads\/2024\/07\/WES-YENI-LOGO.png","contentUrl":"https:\/\/wesprofil.com\/wp-content\/uploads\/2024\/07\/WES-YENI-LOGO.png","width":1831,"height":568,"caption":"Wes Profil"},"image":{"@id":"https:\/\/wesprofil.com\/#\/schema\/logo\/image\/"},"sameAs":["https:\/\/www.facebook.com\/wesprofil\/","https:\/\/www.instagram.com\/wesprofil\/","https:\/\/tr.linkedin.com\/company\/wesprofil"]}]}},"_links":{"self":[{"href":"https:\/\/wesprofil.com\/en\/wp-json\/wp\/v2\/pages\/22","targetHints":{"allow":["GET"]}}],"collection":[{"href":"https:\/\/wesprofil.com\/en\/wp-json\/wp\/v2\/pages"}],"about":[{"href":"https:\/\/wesprofil.com\/en\/wp-json\/wp\/v2\/types\/page"}],"author":[{"embeddable":true,"href":"https:\/\/wesprofil.com\/en\/wp-json\/wp\/v2\/users\/1"}],"replies":[{"embeddable":true,"href":"https:\/\/wesprofil.com\/en\/wp-json\/wp\/v2\/comments?post=22"}],"version-history":[{"count":27,"href":"https:\/\/wesprofil.com\/en\/wp-json\/wp\/v2\/pages\/22\/revisions"}],"predecessor-version":[{"id":197,"href":"https:\/\/wesprofil.com\/en\/wp-json\/wp\/v2\/pages\/22\/revisions\/197"}],"wp:attachment":[{"href":"https:\/\/wesprofil.com\/en\/wp-json\/wp\/v2\/media?parent=22"}],"curies":[{"name":"wp","href":"https:\/\/api.w.org\/{rel}","templated":true}]}}